{"id":31,"date":"2017-12-13T03:40:42","date_gmt":"2017-12-13T05:40:42","guid":{"rendered":"https:\/\/marianamagcosta.com\/?page_id=31"},"modified":"2022-10-07T06:24:36","modified_gmt":"2022-10-07T09:24:36","slug":"sobre","status":"publish","type":"page","link":"https:\/\/marianamagcosta.com\/en\/sobre\/","title":{"rendered":"Sobre"},"content":{"rendered":"<p>I graduated as an architect and urban designer from <em>Pontif\u00edcia Universidade Cat\u00f3lica<\/em> <em>of<\/em> Rio de Janeiro (PUC-RIO), Brazil. Through an exchange programme, I had the opportunity to study in Portugal, at <em>Faculdade de Arquitetura da Universidade T\u00e9cnica de Lisboa<\/em> (FAUTL) and I also spent one semester at the <em>\u00c9cole Nationale Sup\u00e9rieure de Toulouse<\/em>(ENSAT), France. Once I graduated, I moved to Paris and spent 6 months working in a French architecture firm called BRS <em>architectes ingenieurs<\/em>. Back to Rio de Janeiro in 2011, I joined RRA office team for three years, where I had the opportunity to work with high rise commercial buildings as well as urban and landscape design(main projects include the Madureira Park and the L&#8217;oreal headquarters, in Rio). Between 2014 and 2015, I collaborated with RUA arquitetos in the design of the Golf Clubhouse for the 2016 Olympic Games. In July 2016, I earned an international master degree in Urban and Environmental Engineering through PUC-RIO in partnership with Technische Universit\u00e4t Braunschweig, Germany. In 2017, I opened my own firm and between January 2021 and September 2022, I also collaborated as a project architect at Estudio Ch\u00e3o, designing mostly residential, exhibition and event projects in Rio de Janeiro. Currently, I am developing a PhD research at LRA ENSA Toulouse.<\/p>","protected":false},"excerpt":{"rendered":"<p>I graduated as an architect and urban designer from Pontif\u00edcia Universidade Cat\u00f3lica of Rio de Janeiro (PUC-RIO), Brazil. Through an exchange programme, I had the opportunity to study in Portugal, at Faculdade de Arquitetura da Universidade T\u00e9cnica de Lisboa (FAUTL) and I also spent one semester at the \u00c9cole Nationale Sup\u00e9rieure de Toulouse(ENSAT), France. Once [&hellip;]<\/p>\n","protected":false},"author":2,"featured_media":0,"parent":0,"menu_order":0,"comment_status":"closed","ping_status":"closed","template":"","meta":{"footnotes":""},"acf":[],"_links":{"self":[{"href":"https:\/\/marianamagcosta.com\/en\/wp-json\/wp\/v2\/pages\/31"}],"collection":[{"href":"https:\/\/marianamagcosta.com\/en\/wp-json\/wp\/v2\/pages"}],"about":[{"href":"https:\/\/marianamagcosta.com\/en\/wp-json\/wp\/v2\/types\/page"}],"author":[{"embeddable":true,"href":"https:\/\/marianamagcosta.com\/en\/wp-json\/wp\/v2\/users\/2"}],"replies":[{"embeddable":true,"href":"https:\/\/marianamagcosta.com\/en\/wp-json\/wp\/v2\/comments?post=31"}],"version-history":[{"count":18,"href":"https:\/\/marianamagcosta.com\/en\/wp-json\/wp\/v2\/pages\/31\/revisions"}],"predecessor-version":[{"id":4166,"href":"https:\/\/marianamagcosta.com\/en\/wp-json\/wp\/v2\/pages\/31\/revisions\/4166"}],"wp:attachment":[{"href":"https:\/\/marianamagcosta.com\/en\/wp-json\/wp\/v2\/media?parent=31"}],"curies":[{"name":"wp","href":"https:\/\/api.w.org\/{rel}","templated":true}]}}